{"id":9935,"date":"2024-04-11T11:33:21","date_gmt":"2024-04-11T08:33:21","guid":{"rendered":"https:\/\/shock.md\/?post_type=product&#038;p=9935"},"modified":"2024-04-11T11:44:55","modified_gmt":"2024-04-11T08:44:55","slug":"tricou-oversize-5","status":"publish","type":"product","link":"https:\/\/shock.md\/ro\/product\/tricou-oversize-5\/","title":{"rendered":"Tricou oversize"},"content":{"rendered":"<p>Un tricou oversize este alegerea perfect\u0103 pentru oricine iube\u0219te confortul \u0219i stilul. Este realizat din materiale de \u00eenalt\u0103 calitate &#8211; 90% bumbac \u0219i 10% polimeri, ceea ce \u00eel face moale \u0219i durabil \u00een acela\u0219i timp. Disponibil \u00eentr-o varietate de culori pentru a v\u0103 asigura c\u0103 exist\u0103 ceva pentru toat\u0103 lumea. Croiala supradimensionata ofera libertate de miscare si confort. Tricoul este potrivit at\u00e2t pentru purtarea de zi cu zi, c\u00e2t \u0219i pentru a crea un aspect elegant.<\/p>\n","protected":false},"excerpt":{"rendered":"<p>Un tricou oversize este alegerea perfect\u0103 pentru oricine iube\u0219te confortul \u0219i stilul.<\/p>\n","protected":false},"featured_media":9879,"template":"","meta":[],"product_brand":[],"product_cat":[199,182,292,293,204,189],"product_tag":[478,422,536,537],"class_list":{"0":"post-9935","1":"product","2":"type-product","3":"status-publish","4":"has-post-thumbnail","6":"product_cat-barbati","7":"product_cat-femei","8":"product_cat-imbracaminte","9":"product_cat-imbracaminte-ro","10":"product_cat-tricouri-ro","11":"product_cat-tricouri","12":"product_tag-tricou","13":"product_tag-tricou-oversize","14":"product_tag-tricou-pentru-barbati","15":"product_tag-tricou-supradimensionat-pentru-femei","16":"product-column","18":"first","19":"instock","20":"shipping-taxable","21":"purchasable","22":"product-type-variable"},"aioseo_notices":[],"_links":{"self":[{"href":"https:\/\/shock.md\/ro\/wp-json\/wp\/v2\/product\/9935","targetHints":{"allow":["GET"]}}],"collection":[{"href":"https:\/\/shock.md\/ro\/wp-json\/wp\/v2\/product"}],"about":[{"href":"https:\/\/shock.md\/ro\/wp-json\/wp\/v2\/types\/product"}],"wp:featuredmedia":[{"embeddable":true,"href":"https:\/\/shock.md\/ro\/wp-json\/wp\/v2\/media\/9879"}],"wp:attachment":[{"href":"https:\/\/shock.md\/ro\/wp-json\/wp\/v2\/media?parent=9935"}],"wp:term":[{"taxonomy":"product_brand","embeddable":true,"href":"https:\/\/shock.md\/ro\/wp-json\/wp\/v2\/product_brand?post=9935"},{"taxonomy":"product_cat","embeddable":true,"href":"https:\/\/shock.md\/ro\/wp-json\/wp\/v2\/product_cat?post=9935"},{"taxonomy":"product_tag","embeddable":true,"href":"https:\/\/shock.md\/ro\/wp-json\/wp\/v2\/product_tag?post=9935"}],"curies":[{"name":"wp","href":"https:\/\/api.w.org\/{rel}","templated":true}]}}