{"id":9712,"date":"2024-04-10T20:46:18","date_gmt":"2024-04-10T17:46:18","guid":{"rendered":"https:\/\/shock.md\/?post_type=product&#038;p=9712"},"modified":"2024-11-05T10:36:47","modified_gmt":"2024-11-05T08:36:47","slug":"geanta-banana","status":"publish","type":"product","link":"https:\/\/shock.md\/ro\/product\/geanta-banana\/","title":{"rendered":"Geanta banana"},"content":{"rendered":"<p>Geanta-banana neagr\u0103 este un accesoriu practic realizat din material de \u00eenalt\u0103 calitate. Are o curea reglabil\u0103, fermoare rezistente \u0219i mai multe compartimente pentru a v\u0103 organiza lucrurile. Designul deosebit de elegant al acestei gen\u021bi o face potrivit\u0103 at\u00e2t pentru utilizarea zilnic\u0103, c\u00e2t \u0219i pentru ocazii speciale. Elementul reflectorizant de pe fermoar asigur\u0103 siguran\u021ba \u00een condi\u021bii de lumin\u0103 sc\u0103zut\u0103. Materialul impermeabil protejeaz\u0103 con\u021binutul gen\u021bii de umiditate. Geanta are dou\u0103 buzunare: unul mare pentru obiectele esen\u021biale \u0219i unul mai mic pentru lucrurile mici. Acest accesoriu este perfect pentru un stil de via\u021b\u0103 activ.<\/p>\n","protected":false},"excerpt":{"rendered":"<p>Geanta-banana neagr\u0103 este un accesoriu practic realizat din material de \u00eenalt\u0103 calitate.<\/p>\n","protected":false},"featured_media":9703,"template":"","meta":[],"product_brand":[],"product_cat":[176,199,182,1225,156],"product_tag":[529,519,521,520],"class_list":{"0":"post-9712","1":"product","2":"type-product","3":"status-publish","4":"has-post-thumbnail","6":"product_cat-accesorii","7":"product_cat-barbati","8":"product_cat-femei","9":"product_cat-genti-rucsacuri","10":"product_cat-sumki","11":"product_tag-geanta","12":"product_tag-geanta-banana","13":"product_tag-geanta-pentru-barbati","14":"product_tag-geanta-pentru-femei","15":"product-column","17":"first","18":"instock","19":"shipping-taxable","20":"purchasable","21":"product-type-variable"},"aioseo_notices":[],"_links":{"self":[{"href":"https:\/\/shock.md\/ro\/wp-json\/wp\/v2\/product\/9712","targetHints":{"allow":["GET"]}}],"collection":[{"href":"https:\/\/shock.md\/ro\/wp-json\/wp\/v2\/product"}],"about":[{"href":"https:\/\/shock.md\/ro\/wp-json\/wp\/v2\/types\/product"}],"wp:featuredmedia":[{"embeddable":true,"href":"https:\/\/shock.md\/ro\/wp-json\/wp\/v2\/media\/9703"}],"wp:attachment":[{"href":"https:\/\/shock.md\/ro\/wp-json\/wp\/v2\/media?parent=9712"}],"wp:term":[{"taxonomy":"product_brand","embeddable":true,"href":"https:\/\/shock.md\/ro\/wp-json\/wp\/v2\/product_brand?post=9712"},{"taxonomy":"product_cat","embeddable":true,"href":"https:\/\/shock.md\/ro\/wp-json\/wp\/v2\/product_cat?post=9712"},{"taxonomy":"product_tag","embeddable":true,"href":"https:\/\/shock.md\/ro\/wp-json\/wp\/v2\/product_tag?post=9712"}],"curies":[{"name":"wp","href":"https:\/\/api.w.org\/{rel}","templated":true}]}}