{"id":9687,"date":"2024-04-10T20:16:20","date_gmt":"2024-04-10T17:16:20","guid":{"rendered":"https:\/\/shock.md\/?post_type=product&#038;p=9687"},"modified":"2024-11-05T10:37:30","modified_gmt":"2024-11-05T08:37:30","slug":"geanta-cross-body","status":"publish","type":"product","link":"https:\/\/shock.md\/ro\/product\/geanta-cross-body\/","title":{"rendered":"Geant\u0103 cross-body"},"content":{"rendered":"<p>Geanta neagr\u0103 de tip crossbody cu fermoare metalice \u0219i logo \u00een fa\u021b\u0103 este o solu\u021bie elegant\u0103 \u0219i func\u021bional\u0103 pentru un stil de via\u021b\u0103 activ. Echipat cu bretele reglabile, asigur\u0103 o purtare confortabil\u0103. Rucsacul este echipat cu patru buzunare: trei externe si unul intern. Acest lucru v\u0103 permite s\u0103 depozita\u021bi \u0219i s\u0103 v\u0103 organiza\u021bi \u00een mod convenabil bunurile, inclusiv cheile, telefonul, sticla de ap\u0103 \u0219i alte articole esen\u021biale. Materialul impermeabil protejeaz\u0103 con\u021binutul de umiditate, oferind protec\u021bie fiabil\u0103 \u00een orice condi\u021bii.<\/p>\n","protected":false},"excerpt":{"rendered":"<p>Geant\u0103 cross-body neagr\u0103, cu fermoare metalice<\/p>\n","protected":false},"featured_media":9680,"template":"","meta":[],"product_brand":[],"product_cat":[176,199,182,1225],"product_tag":[528,529,521,520],"class_list":{"0":"post-9687","1":"product","2":"type-product","3":"status-publish","4":"has-post-thumbnail","6":"product_cat-accesorii","7":"product_cat-barbati","8":"product_cat-femei","9":"product_cat-genti-rucsacuri","10":"product_tag-crossbody","11":"product_tag-geanta","12":"product_tag-geanta-pentru-barbati","13":"product_tag-geanta-pentru-femei","14":"product-column","16":"first","17":"instock","18":"shipping-taxable","19":"purchasable","20":"product-type-variable"},"aioseo_notices":[],"_links":{"self":[{"href":"https:\/\/shock.md\/ro\/wp-json\/wp\/v2\/product\/9687","targetHints":{"allow":["GET"]}}],"collection":[{"href":"https:\/\/shock.md\/ro\/wp-json\/wp\/v2\/product"}],"about":[{"href":"https:\/\/shock.md\/ro\/wp-json\/wp\/v2\/types\/product"}],"wp:featuredmedia":[{"embeddable":true,"href":"https:\/\/shock.md\/ro\/wp-json\/wp\/v2\/media\/9680"}],"wp:attachment":[{"href":"https:\/\/shock.md\/ro\/wp-json\/wp\/v2\/media?parent=9687"}],"wp:term":[{"taxonomy":"product_brand","embeddable":true,"href":"https:\/\/shock.md\/ro\/wp-json\/wp\/v2\/product_brand?post=9687"},{"taxonomy":"product_cat","embeddable":true,"href":"https:\/\/shock.md\/ro\/wp-json\/wp\/v2\/product_cat?post=9687"},{"taxonomy":"product_tag","embeddable":true,"href":"https:\/\/shock.md\/ro\/wp-json\/wp\/v2\/product_tag?post=9687"}],"curies":[{"name":"wp","href":"https:\/\/api.w.org\/{rel}","templated":true}]}}