{"id":9675,"date":"2024-04-10T16:50:18","date_gmt":"2024-04-10T13:50:18","guid":{"rendered":"https:\/\/shock.md\/?post_type=product&#038;p=9675"},"modified":"2024-11-05T10:37:08","modified_gmt":"2024-11-05T08:37:08","slug":"geanta-de-banana","status":"publish","type":"product","link":"https:\/\/shock.md\/ro\/product\/geanta-de-banana\/","title":{"rendered":"Geanta de banana"},"content":{"rendered":"<p>Eleganta geanta de banana neagra este accesoriul perfect pentru cei care sunt mereu in miscare. Fabricat din materiale hidrofuge de calitate, aceast\u0103 geant\u0103 cu banane ofer\u0103 durabilitate \u0219i protec\u021bie fiabil\u0103 pentru con\u021binutul dvs. Datorit\u0103 unei curele confortabile, se a\u0219eaz\u0103 confortabil \u00een talie, oferind libertate total\u0103 de mi\u0219care. Compartimentul principal cu fermoar v\u0103 p\u0103streaz\u0103 obiectele de valoare \u00een siguran\u021b\u0103.<\/p>\n","protected":false},"excerpt":{"rendered":"<p>Eleganta geanta de banana neagra este accesoriul perfect pentru cei care sunt mereu in miscare.<\/p>\n","protected":false},"featured_media":9664,"template":"","meta":[],"product_brand":[],"product_cat":[176,199,182,1225,156],"product_tag":[519,518,521,520],"class_list":{"0":"post-9675","1":"product","2":"type-product","3":"status-publish","4":"has-post-thumbnail","6":"product_cat-accesorii","7":"product_cat-barbati","8":"product_cat-femei","9":"product_cat-genti-rucsacuri","10":"product_cat-sumki","11":"product_tag-geanta-banana","12":"product_tag-geanta-neagra","13":"product_tag-geanta-pentru-barbati","14":"product_tag-geanta-pentru-femei","15":"product-column","17":"first","18":"instock","19":"shipping-taxable","20":"purchasable","21":"product-type-variable"},"aioseo_notices":[],"_links":{"self":[{"href":"https:\/\/shock.md\/ro\/wp-json\/wp\/v2\/product\/9675","targetHints":{"allow":["GET"]}}],"collection":[{"href":"https:\/\/shock.md\/ro\/wp-json\/wp\/v2\/product"}],"about":[{"href":"https:\/\/shock.md\/ro\/wp-json\/wp\/v2\/types\/product"}],"wp:featuredmedia":[{"embeddable":true,"href":"https:\/\/shock.md\/ro\/wp-json\/wp\/v2\/media\/9664"}],"wp:attachment":[{"href":"https:\/\/shock.md\/ro\/wp-json\/wp\/v2\/media?parent=9675"}],"wp:term":[{"taxonomy":"product_brand","embeddable":true,"href":"https:\/\/shock.md\/ro\/wp-json\/wp\/v2\/product_brand?post=9675"},{"taxonomy":"product_cat","embeddable":true,"href":"https:\/\/shock.md\/ro\/wp-json\/wp\/v2\/product_cat?post=9675"},{"taxonomy":"product_tag","embeddable":true,"href":"https:\/\/shock.md\/ro\/wp-json\/wp\/v2\/product_tag?post=9675"}],"curies":[{"name":"wp","href":"https:\/\/api.w.org\/{rel}","templated":true}]}}