{"id":9614,"date":"2024-04-10T15:21:04","date_gmt":"2024-04-10T12:21:04","guid":{"rendered":"https:\/\/shock.md\/?post_type=product&#038;p=9614"},"modified":"2024-04-10T15:47:21","modified_gmt":"2024-04-10T12:47:21","slug":"sosete-scazute","status":"publish","type":"product","link":"https:\/\/shock.md\/ro\/product\/sosete-scazute\/","title":{"rendered":"\u0218osete sc\u0103zute"},"content":{"rendered":"<p><span class=\"--l --r sentence_highlight\">Combina\u021bia perfect\u0103 de stil \u0219i confort! <\/span><span class=\"--l --r sentence_highlight\">\u0218osetele noastre sunt disponibile \u00een alb \u0219i negru, prezentate \u00een dou\u0103 versiuni: \u00eenalte \u0219i joase. <\/span><span class=\"--l --r sentence_highlight\">Confec\u021bionate dintr-un amestec de \u00eenalt\u0103 calitate de 80% bumbac \u0219i 20% lycra pentru un confort \u0219i o durabilitate maxim\u0103. <\/span><span class=\"--l --r sentence_highlight\">Bumbacul face \u0219osetele moi \u0219i respirabile, \u00een timp ce Lycra adaug\u0103 elasticitate pentru o potrivire perfect\u0103 \u0219i durabilitate.<\/span><\/p>\n","protected":false},"excerpt":{"rendered":"<p><span class=\"--l --r sentence_highlight\">\u0218osete versatile: confort \u0219i elegan\u021b\u0103 \u00een fiecare detaliu. <\/span><span class=\"--l --r sentence_highlight\">Disponibile \u00een alb \u0219i negru.<\/span><\/p>\n","protected":false},"featured_media":9591,"template":"","meta":[],"product_brand":[],"product_cat":[176,199,178],"product_tag":[511,513,514],"class_list":{"0":"post-9614","1":"product","2":"type-product","3":"status-publish","4":"has-post-thumbnail","6":"product_cat-accesorii","7":"product_cat-barbati","8":"product_cat-sosete","9":"product_tag-sosete","10":"product_tag-sosete-barbati","11":"product_tag-sosete-joase","12":"product-column","14":"first","15":"instock","16":"shipping-taxable","17":"purchasable","18":"product-type-variable"},"aioseo_notices":[],"_links":{"self":[{"href":"https:\/\/shock.md\/ro\/wp-json\/wp\/v2\/product\/9614","targetHints":{"allow":["GET"]}}],"collection":[{"href":"https:\/\/shock.md\/ro\/wp-json\/wp\/v2\/product"}],"about":[{"href":"https:\/\/shock.md\/ro\/wp-json\/wp\/v2\/types\/product"}],"wp:featuredmedia":[{"embeddable":true,"href":"https:\/\/shock.md\/ro\/wp-json\/wp\/v2\/media\/9591"}],"wp:attachment":[{"href":"https:\/\/shock.md\/ro\/wp-json\/wp\/v2\/media?parent=9614"}],"wp:term":[{"taxonomy":"product_brand","embeddable":true,"href":"https:\/\/shock.md\/ro\/wp-json\/wp\/v2\/product_brand?post=9614"},{"taxonomy":"product_cat","embeddable":true,"href":"https:\/\/shock.md\/ro\/wp-json\/wp\/v2\/product_cat?post=9614"},{"taxonomy":"product_tag","embeddable":true,"href":"https:\/\/shock.md\/ro\/wp-json\/wp\/v2\/product_tag?post=9614"}],"curies":[{"name":"wp","href":"https:\/\/api.w.org\/{rel}","templated":true}]}}