{"id":9114,"date":"2024-02-24T10:10:19","date_gmt":"2024-02-24T08:10:19","guid":{"rendered":"https:\/\/shock.md\/?post_type=product&#038;p=9114"},"modified":"2024-10-23T13:24:04","modified_gmt":"2024-10-23T10:24:04","slug":"blugi","status":"publish","type":"product","link":"https:\/\/shock.md\/ro\/product\/blugi\/","title":{"rendered":"Blugi"},"content":{"rendered":"<p>Blugii mom gri sunt o alegere elegant\u0103 \u0219i versatil\u0103 pentru un look de zi cu zi. Croiala lor clasic\u0103 cu talie \u00eenalt\u0103 \u0219i picioarele \u00eenguste \u0219i drepte confer\u0103 un aspect sub\u021bire \u0219i elegant figurii tale. Fabricate din bumbac de calitate, ofer\u0103 confort \u0219i o senza\u021bie pl\u0103cut\u0103 atunci c\u00e2nd sunt purtate. Denimul gri se potrive\u0219te bine cu diverse nuan\u021be \u0219i v\u0103 permite s\u0103 crea\u021bi look-uri elegante pentru diverse ocazii.<\/p>\n<p>Blugii mom gri sunt un model elegant \u0219i versatil, potrivit pentru purtarea de zi cu zi. Au o croial\u0103 clasic\u0103 cu talie \u00eenalt\u0103 \u0219i picioare drepte \u00eenguste care confer\u0103 un aspect suplu \u0219i elegant figurii. Fabricate din bumbac de \u00eenalt\u0103 calitate, ceea ce le face confortabile \u0219i pl\u0103cute pentru corp. Denimul gri se potrive\u0219te bine cu diverse nuan\u021be \u0219i creeaz\u0103 un aspect elegant.<\/p>\n","protected":false},"excerpt":{"rendered":"<p>Blugii mom gri sunt o alegere elegant\u0103 \u0219i versatil\u0103 pentru un look de zi cu zi.<\/p>\n","protected":false},"featured_media":9111,"template":"","meta":[],"product_brand":[],"product_cat":[199,200,293],"product_tag":[237,236],"class_list":{"0":"post-9114","1":"product","2":"type-product","3":"status-publish","4":"has-post-thumbnail","6":"product_cat-barbati","7":"product_cat-blugi-ro","8":"product_cat-imbracaminte-ro","9":"product_tag-blugi","10":"product_tag-blugi-pentru-barbati","11":"product-column","13":"first","14":"outofstock","15":"shipping-taxable","16":"purchasable","17":"product-type-variable"},"aioseo_notices":[],"_links":{"self":[{"href":"https:\/\/shock.md\/ro\/wp-json\/wp\/v2\/product\/9114","targetHints":{"allow":["GET"]}}],"collection":[{"href":"https:\/\/shock.md\/ro\/wp-json\/wp\/v2\/product"}],"about":[{"href":"https:\/\/shock.md\/ro\/wp-json\/wp\/v2\/types\/product"}],"wp:featuredmedia":[{"embeddable":true,"href":"https:\/\/shock.md\/ro\/wp-json\/wp\/v2\/media\/9111"}],"wp:attachment":[{"href":"https:\/\/shock.md\/ro\/wp-json\/wp\/v2\/media?parent=9114"}],"wp:term":[{"taxonomy":"product_brand","embeddable":true,"href":"https:\/\/shock.md\/ro\/wp-json\/wp\/v2\/product_brand?post=9114"},{"taxonomy":"product_cat","embeddable":true,"href":"https:\/\/shock.md\/ro\/wp-json\/wp\/v2\/product_cat?post=9114"},{"taxonomy":"product_tag","embeddable":true,"href":"https:\/\/shock.md\/ro\/wp-json\/wp\/v2\/product_tag?post=9114"}],"curies":[{"name":"wp","href":"https:\/\/api.w.org\/{rel}","templated":true}]}}