{"id":8853,"date":"2024-02-21T19:05:56","date_gmt":"2024-02-21T17:05:56","guid":{"rendered":"https:\/\/shock.md\/?post_type=product&#038;p=8853"},"modified":"2024-02-21T20:47:38","modified_gmt":"2024-02-21T18:47:38","slug":"vesta-din-material","status":"publish","type":"product","link":"https:\/\/shock.md\/ro\/product\/vesta-din-material\/","title":{"rendered":"Vest\u0103 din material"},"content":{"rendered":"<p>O vest\u0103 din material textil cu fermoar \u0219i buzunare este un articol elegant \u0219i practic de garderob\u0103. Caracteristica sa special\u0103 este o \u00eenchidere convenabil\u0103 cu fermoar, care faciliteaz\u0103 \u00eembr\u0103carea \u0219i scoaterea vestei. Buzunarele adaug\u0103 func\u021bionalitate \u0219i faciliteaz\u0103 depozitarea obiectelor mici sau pur \u0219i simplu s\u0103 v\u0103 plimba\u021bi cu m\u00e2inile. Acest tip de vest\u0103 se \u00eemperecheaz\u0103 bine cu o varietate de \u00eembr\u0103c\u0103minte de jos, ceea ce \u00eel face o alegere excelent\u0103 pentru a crea un aspect elegant \u0219i confortabil.<\/p>\n","protected":false},"excerpt":{"rendered":"<p>O vest\u0103 din material textil cu fermoar \u0219i buzunare este un articol elegant \u0219i practic de garderob\u0103.<\/p>\n","protected":false},"featured_media":8842,"template":"","meta":[],"product_brand":[],"product_cat":[199,205,293],"product_tag":[326,462,463],"class_list":{"0":"post-8853","1":"product","2":"type-product","3":"status-publish","4":"has-post-thumbnail","6":"product_cat-barbati","7":"product_cat-hanorace-ro","8":"product_cat-imbracaminte-ro","9":"product_tag-vesta","10":"product_tag-vesta-din-material","11":"product_tag-vesta-pentru-barbati","12":"brand-davidgerenzo","13":"product-column","15":"first","16":"instock","17":"shipping-taxable","18":"purchasable","19":"product-type-variable"},"aioseo_notices":[],"_links":{"self":[{"href":"https:\/\/shock.md\/ro\/wp-json\/wp\/v2\/product\/8853","targetHints":{"allow":["GET"]}}],"collection":[{"href":"https:\/\/shock.md\/ro\/wp-json\/wp\/v2\/product"}],"about":[{"href":"https:\/\/shock.md\/ro\/wp-json\/wp\/v2\/types\/product"}],"wp:featuredmedia":[{"embeddable":true,"href":"https:\/\/shock.md\/ro\/wp-json\/wp\/v2\/media\/8842"}],"wp:attachment":[{"href":"https:\/\/shock.md\/ro\/wp-json\/wp\/v2\/media?parent=8853"}],"wp:term":[{"taxonomy":"product_brand","embeddable":true,"href":"https:\/\/shock.md\/ro\/wp-json\/wp\/v2\/product_brand?post=8853"},{"taxonomy":"product_cat","embeddable":true,"href":"https:\/\/shock.md\/ro\/wp-json\/wp\/v2\/product_cat?post=8853"},{"taxonomy":"product_tag","embeddable":true,"href":"https:\/\/shock.md\/ro\/wp-json\/wp\/v2\/product_tag?post=8853"}],"curies":[{"name":"wp","href":"https:\/\/api.w.org\/{rel}","templated":true}]}}