{"id":8418,"date":"2024-02-12T20:24:50","date_gmt":"2024-02-12T18:24:50","guid":{"rendered":"https:\/\/shock.md\/?post_type=product&#038;p=8418"},"modified":"2024-02-13T19:28:05","modified_gmt":"2024-02-13T17:28:05","slug":"adidasi-eleganti","status":"publish","type":"product","link":"https:\/\/shock.md\/ro\/product\/adidasi-eleganti\/","title":{"rendered":"Adidasi eleganti"},"content":{"rendered":"<p>Fabricate din piele ecologic\u0103 de \u00eenalt\u0103 calitate, arat\u0103 elegant \u0219i stilat.<\/p>\n<p>Adida\u0219ii au \u0219ireturi confortabile \u0219i Velcro pentru o potrivire perfect\u0103 \u0219i un suport reglabil. Acest lucru v\u0103 permite s\u0103 personaliza\u021bi potrivirea pentru a se potrivi piciorului dvs., asigur\u00e2nd confort maxim la purtare.<\/p>\n<p>Talpa lor confortabil\u0103 ofer\u0103 o amortizare excelent\u0103 \u0219i stabilitate la mers.<\/p>\n<p>Culoarea neagr\u0103 a adida\u0219ilor ofer\u0103 versatilitate \u0219i u\u0219urin\u021b\u0103 de asociere cu o varietate de \u021binute, de la sport la casual. Sunt potrivite pentru plimbare prin ora\u0219, precum \u0219i pentru \u00eent\u00e2lniri de afaceri sau excursii de sear\u0103.<\/p>\n","protected":false},"excerpt":{"rendered":"<p>Ace\u0219ti adida\u0219i din piele ecologic\u0103 cu \u0219ireturi \u0219i velcro sunt alegerea ideal\u0103 pentru cei care pre\u021buiesc stilul, confortul \u0219i grija pentru mediu.<\/p>\n","protected":false},"featured_media":8428,"template":"","meta":[],"product_brand":[],"product_cat":[304,302,182,187,306],"product_tag":[215,209],"class_list":{"0":"post-8418","1":"product","2":"type-product","3":"status-publish","4":"has-post-thumbnail","6":"product_cat-adidasi-din-piele-ecologica-ro","7":"product_cat-adidasi-din-textil","8":"product_cat-femei","9":"product_cat-incaltaminte","10":"product_cat-incaltaminte-toamna-iarna","11":"product_tag-adidasi-din-piele-ecologica","12":"product_tag-incaltaminte-pentru-femei","13":"product-column","15":"first","16":"instock","17":"shipping-taxable","18":"purchasable","19":"product-type-variable"},"aioseo_notices":[],"_links":{"self":[{"href":"https:\/\/shock.md\/ro\/wp-json\/wp\/v2\/product\/8418","targetHints":{"allow":["GET"]}}],"collection":[{"href":"https:\/\/shock.md\/ro\/wp-json\/wp\/v2\/product"}],"about":[{"href":"https:\/\/shock.md\/ro\/wp-json\/wp\/v2\/types\/product"}],"wp:featuredmedia":[{"embeddable":true,"href":"https:\/\/shock.md\/ro\/wp-json\/wp\/v2\/media\/8428"}],"wp:attachment":[{"href":"https:\/\/shock.md\/ro\/wp-json\/wp\/v2\/media?parent=8418"}],"wp:term":[{"taxonomy":"product_brand","embeddable":true,"href":"https:\/\/shock.md\/ro\/wp-json\/wp\/v2\/product_brand?post=8418"},{"taxonomy":"product_cat","embeddable":true,"href":"https:\/\/shock.md\/ro\/wp-json\/wp\/v2\/product_cat?post=8418"},{"taxonomy":"product_tag","embeddable":true,"href":"https:\/\/shock.md\/ro\/wp-json\/wp\/v2\/product_tag?post=8418"}],"curies":[{"name":"wp","href":"https:\/\/api.w.org\/{rel}","templated":true}]}}