{"id":8187,"date":"2024-02-01T15:08:18","date_gmt":"2024-02-01T13:08:18","guid":{"rendered":"https:\/\/shock.md\/?post_type=product&#038;p=8187"},"modified":"2025-03-05T09:04:10","modified_gmt":"2025-03-05T07:04:10","slug":"adidasi-textili","status":"publish","type":"product","link":"https:\/\/shock.md\/ro\/product\/adidasi-textili\/","title":{"rendered":"Adida\u0219i textili"},"content":{"rendered":"<div class=\"module--translations-translatedtext js-module--translations-translatedtext is-placeholder\" data-size=\"s\">Adida\u0219ii textili \u00een alb sunt pantofi elegan\u021bi \u0219i confortabili, ideali pentru un stil de via\u021b\u0103 activ. Partea superioar\u0103 este realizat\u0103 din material stretch de \u00eenalt\u0103 calitate, care asigur\u0103 o elasticitate excelent\u0103 \u0219i o senza\u021bie pl\u0103cut\u0103 pe picior. Acest material ofer\u0103, de asemenea, o ventila\u021bie excelent\u0103, ceea ce face ca adida\u0219ii s\u0103 fie ideali pentru uzul de zi cu zi \u0219i sport. Culoarea alb\u0103 a p\u0103r\u021bii superioare confer\u0103 adida\u0219ilor un aspect elegant \u0219i modern, care poate fi u\u0219or combinat cu o varietate de stiluri vestimentare. Talpa exterioar\u0103 din cauciuc ofer\u0103 trac\u021biune \u0219i amortizare excelente, f\u0103c\u00e2nd fiecare pas u\u0219or \u0219i confortabil. Ace\u0219ti adida\u0219i sunt potrivi\u021bi at\u00e2t pentru sport, c\u00e2t \u0219i pentru utilizarea de zi cu zi, ad\u0103ug\u00e2nd stil \u0219i confort aspectului t\u0103u.<\/div>\n","protected":false},"excerpt":{"rendered":"<p>Adida\u0219ii textili \u00een alb sunt pantofi elegan\u021bi \u0219i confortabili, ideali pentru un stil de via\u021b\u0103 activ.<\/p>\n","protected":false},"featured_media":8176,"template":"","meta":[],"product_brand":[],"product_cat":[303,199,203,313],"product_tag":[212,213],"class_list":{"0":"post-8187","1":"product","2":"type-product","3":"status-publish","4":"has-post-thumbnail","6":"product_cat-adidasi-din-textil-ro","7":"product_cat-barbati","8":"product_cat-incaltaminte-ro","9":"product_cat-incaltaminte-de-vara-ro","10":"product_tag-adidasi-textile","11":"product_tag-adidasi-unisex","12":"product-column","14":"first","15":"outofstock","16":"shipping-taxable","17":"purchasable","18":"product-type-variable"},"aioseo_notices":[],"_links":{"self":[{"href":"https:\/\/shock.md\/ro\/wp-json\/wp\/v2\/product\/8187","targetHints":{"allow":["GET"]}}],"collection":[{"href":"https:\/\/shock.md\/ro\/wp-json\/wp\/v2\/product"}],"about":[{"href":"https:\/\/shock.md\/ro\/wp-json\/wp\/v2\/types\/product"}],"wp:featuredmedia":[{"embeddable":true,"href":"https:\/\/shock.md\/ro\/wp-json\/wp\/v2\/media\/8176"}],"wp:attachment":[{"href":"https:\/\/shock.md\/ro\/wp-json\/wp\/v2\/media?parent=8187"}],"wp:term":[{"taxonomy":"product_brand","embeddable":true,"href":"https:\/\/shock.md\/ro\/wp-json\/wp\/v2\/product_brand?post=8187"},{"taxonomy":"product_cat","embeddable":true,"href":"https:\/\/shock.md\/ro\/wp-json\/wp\/v2\/product_cat?post=8187"},{"taxonomy":"product_tag","embeddable":true,"href":"https:\/\/shock.md\/ro\/wp-json\/wp\/v2\/product_tag?post=8187"}],"curies":[{"name":"wp","href":"https:\/\/api.w.org\/{rel}","templated":true}]}}