{"id":7010,"date":"2023-07-24T17:48:59","date_gmt":"2023-07-24T14:48:59","guid":{"rendered":"https:\/\/shock.md\/?post_type=product&#038;p=7010"},"modified":"2024-10-23T13:10:13","modified_gmt":"2024-10-23T10:10:13","slug":"blugi-pentru-barbati-2","status":"publish","type":"product","link":"https:\/\/shock.md\/ro\/product\/blugi-pentru-barbati-2\/","title":{"rendered":"Blugi pentru b\u0103rba\u021bi"},"content":{"rendered":"<p>Blugi pentru b\u0103rba\u021bi<br \/>\nfund elastic<br \/>\nm\u0103rimi 29-36 produc\u0103tor &#8211; T\u00fcrkiye<\/p>\n","protected":false},"excerpt":{"rendered":"<p>Blugi pentru b\u0103rba\u021bi<br \/>\nfund elastic<br \/>\nm\u0103rimi 29-36 produc\u0103tor &#8211; T\u00fcrkiye<\/p>\n","protected":false},"featured_media":6140,"template":"","meta":[],"product_brand":[],"product_cat":[199,200,294,208,293],"product_tag":[237,236],"class_list":{"0":"post-7010","1":"product","2":"type-product","3":"status-publish","4":"has-post-thumbnail","6":"product_cat-barbati","7":"product_cat-blugi-ro","8":"product_cat-imbracaminte-ro-2","9":"product_cat-promo","10":"product_cat-imbracaminte-ro","11":"product_tag-blugi","12":"product_tag-blugi-pentru-barbati","13":"product-column","15":"first","16":"outofstock","17":"sale","18":"shipping-taxable","19":"purchasable","20":"product-type-variable"},"aioseo_notices":[],"_links":{"self":[{"href":"https:\/\/shock.md\/ro\/wp-json\/wp\/v2\/product\/7010","targetHints":{"allow":["GET"]}}],"collection":[{"href":"https:\/\/shock.md\/ro\/wp-json\/wp\/v2\/product"}],"about":[{"href":"https:\/\/shock.md\/ro\/wp-json\/wp\/v2\/types\/product"}],"wp:featuredmedia":[{"embeddable":true,"href":"https:\/\/shock.md\/ro\/wp-json\/wp\/v2\/media\/6140"}],"wp:attachment":[{"href":"https:\/\/shock.md\/ro\/wp-json\/wp\/v2\/media?parent=7010"}],"wp:term":[{"taxonomy":"product_brand","embeddable":true,"href":"https:\/\/shock.md\/ro\/wp-json\/wp\/v2\/product_brand?post=7010"},{"taxonomy":"product_cat","embeddable":true,"href":"https:\/\/shock.md\/ro\/wp-json\/wp\/v2\/product_cat?post=7010"},{"taxonomy":"product_tag","embeddable":true,"href":"https:\/\/shock.md\/ro\/wp-json\/wp\/v2\/product_tag?post=7010"}],"curies":[{"name":"wp","href":"https:\/\/api.w.org\/{rel}","templated":true}]}}