{"id":18712,"date":"2025-06-12T10:48:59","date_gmt":"2025-06-12T07:48:59","guid":{"rendered":"https:\/\/shock.md\/product\/muzhskie-shorty-iz-tkani-lakosta-classic-core-2\/"},"modified":"2025-06-12T10:57:40","modified_gmt":"2025-06-12T07:57:40","slug":"muzhskie-shorty-iz-tkani-lakosta-classic-core-2","status":"publish","type":"product","link":"https:\/\/shock.md\/ro\/product\/muzhskie-shorty-iz-tkani-lakosta-classic-core-2\/","title":{"rendered":"Pantaloni scur\u021bi lacosta din \u021bes\u0103tur\u0103 Classic Core pentru b\u0103rba\u021bi"},"content":{"rendered":"<p>Pantaloni scur\u021bi confortabili pentru b\u0103rba\u021bi confec\u021biona\u021bi din \u021bes\u0103tur\u0103 lacosta tricotat\u0103 de calitate de la produc\u0103torul moldovean Shock. Fabrica\u021bi la B\u0103l\u021bi cu aten\u021bie la detalii: talie elastic\u0103, potrivire confortabil\u0103, material respirabil. Ideal pentru sport, timp liber \u0219i purtare zilnic\u0103 \u00een timpul verii. Pantalonii scur\u021bi Shock sunt stil, confort \u0219i fiabilitate.<\/p>\n","protected":false},"excerpt":{"rendered":"<p>Pantaloni scur\u021bi confortabili pentru b\u0103rba\u021bi din \u021bes\u0103tur\u0103 lacosta tricotat\u0103 de calitate de la produc\u0103torul moldovean Shock.<\/p>\n","protected":false},"featured_media":18696,"template":"","meta":[],"product_brand":[],"product_cat":[199,293,206,975],"product_tag":[2001,1501,1027,2075,1997,1999,1993,2077,1996,642,2078,1992,1994,1995,2002,1757,2076],"class_list":{"0":"post-18712","1":"product","2":"type-product","3":"status-publish","4":"has-post-thumbnail","6":"product_cat-barbati","7":"product_cat-imbracaminte-ro","8":"product_cat-pantaloni-scurti-ro","9":"product_cat-pantaloni-scurti-shock","10":"product_tag-brand-shock","11":"product_tag-imbracaminte-moldova","12":"product_tag-imbracaminte-pentru-barbati","13":"product_tag-moda-pentru-barbati","14":"product_tag-pantaloni-scurti-balti","15":"product_tag-pantaloni-scurti-confortabili","16":"product_tag-pantaloni-scurti-de-vara","17":"product_tag-pantaloni-scurti-lacosta","18":"product_tag-pantaloni-scurti-moldova","19":"product_tag-pantaloni-scurti-pentru-barbati","20":"product_tag-pantaloni-scurti-pentru-vara","21":"product_tag-pantaloni-scurti-shock","22":"product_tag-pantaloni-scurti-sport","23":"product_tag-pantaloni-scurti-tricotati","24":"product_tag-producator-moldovean","25":"product_tag-productie-balti","26":"product_tag-shock-imbracaminte","27":"brand-shock","28":"product-column","30":"first","31":"instock","32":"shipping-taxable","33":"purchasable","34":"product-type-variable"},"aioseo_notices":[],"_links":{"self":[{"href":"https:\/\/shock.md\/ro\/wp-json\/wp\/v2\/product\/18712","targetHints":{"allow":["GET"]}}],"collection":[{"href":"https:\/\/shock.md\/ro\/wp-json\/wp\/v2\/product"}],"about":[{"href":"https:\/\/shock.md\/ro\/wp-json\/wp\/v2\/types\/product"}],"wp:featuredmedia":[{"embeddable":true,"href":"https:\/\/shock.md\/ro\/wp-json\/wp\/v2\/media\/18696"}],"wp:attachment":[{"href":"https:\/\/shock.md\/ro\/wp-json\/wp\/v2\/media?parent=18712"}],"wp:term":[{"taxonomy":"product_brand","embeddable":true,"href":"https:\/\/shock.md\/ro\/wp-json\/wp\/v2\/product_brand?post=18712"},{"taxonomy":"product_cat","embeddable":true,"href":"https:\/\/shock.md\/ro\/wp-json\/wp\/v2\/product_cat?post=18712"},{"taxonomy":"product_tag","embeddable":true,"href":"https:\/\/shock.md\/ro\/wp-json\/wp\/v2\/product_tag?post=18712"}],"curies":[{"name":"wp","href":"https:\/\/api.w.org\/{rel}","templated":true}]}}