{"id":15944,"date":"2024-11-15T12:55:12","date_gmt":"2024-11-15T10:55:12","guid":{"rendered":"https:\/\/shock.md\/?post_type=product&#038;p=15944"},"modified":"2024-11-15T13:13:18","modified_gmt":"2024-11-15T11:13:18","slug":"tricou-unisex-din-poliester-4","status":"publish","type":"product","link":"https:\/\/shock.md\/ro\/product\/tricou-unisex-din-poliester-4\/","title":{"rendered":"Tricou unisex din poliester"},"content":{"rendered":"<p>Un tricou unisex confortabil \u0219i func\u021bional fabricat din 100% poliester, disponibil \u00een m\u0103rimile L p\u00e2n\u0103 la 4XL. \u021aes\u0103tura din poliester se usuc\u0103 rapid \u0219i ofer\u0103 o respirabilitate excelent\u0103, f\u0103c\u00e2nd acest tricou ideal pentru sport \u0219i activit\u0103\u021bi \u00een aer liber. Ajut\u0103 la evacuarea umezelii \u0219i la men\u021binerea c\u0103ldurii pe vreme rece, asigur\u00e2nd confortul \u00een orice condi\u021bii.<\/p>\n","protected":false},"excerpt":{"rendered":"<p>Tricou unisex confortabil \u0219i func\u021bional fabricat din 100% poliester<\/p>\n","protected":false},"featured_media":15922,"template":"","meta":[],"product_brand":[],"product_cat":[199,293,204],"product_tag":[],"class_list":{"0":"post-15944","1":"product","2":"type-product","3":"status-publish","4":"has-post-thumbnail","6":"product_cat-barbati","7":"product_cat-imbracaminte-ro","8":"product_cat-tricouri-ro","9":"product-column","11":"first","12":"instock","13":"shipping-taxable","14":"purchasable","15":"product-type-variable"},"aioseo_notices":[],"_links":{"self":[{"href":"https:\/\/shock.md\/ro\/wp-json\/wp\/v2\/product\/15944","targetHints":{"allow":["GET"]}}],"collection":[{"href":"https:\/\/shock.md\/ro\/wp-json\/wp\/v2\/product"}],"about":[{"href":"https:\/\/shock.md\/ro\/wp-json\/wp\/v2\/types\/product"}],"wp:featuredmedia":[{"embeddable":true,"href":"https:\/\/shock.md\/ro\/wp-json\/wp\/v2\/media\/15922"}],"wp:attachment":[{"href":"https:\/\/shock.md\/ro\/wp-json\/wp\/v2\/media?parent=15944"}],"wp:term":[{"taxonomy":"product_brand","embeddable":true,"href":"https:\/\/shock.md\/ro\/wp-json\/wp\/v2\/product_brand?post=15944"},{"taxonomy":"product_cat","embeddable":true,"href":"https:\/\/shock.md\/ro\/wp-json\/wp\/v2\/product_cat?post=15944"},{"taxonomy":"product_tag","embeddable":true,"href":"https:\/\/shock.md\/ro\/wp-json\/wp\/v2\/product_tag?post=15944"}],"curies":[{"name":"wp","href":"https:\/\/api.w.org\/{rel}","templated":true}]}}