{"id":15286,"date":"2024-11-01T16:03:08","date_gmt":"2024-11-01T14:03:08","guid":{"rendered":"https:\/\/shock.md\/?post_type=product&#038;p=15286"},"modified":"2024-11-01T16:06:37","modified_gmt":"2024-11-01T14:06:37","slug":"adidasi-f1880","status":"publish","type":"product","link":"https:\/\/shock.md\/ro\/product\/adidasi-f1880\/","title":{"rendered":"Adida\u0219i F1880"},"content":{"rendered":"<p>Adida\u0219i delica\u021bi pentru femei, talp\u0103 platform\u0103 moale, confortabil\u0103, culoare delicat\u0103.<\/p>\n","protected":false},"excerpt":{"rendered":"<p>Adida\u0219i delica\u021bi pentru femei, talp\u0103 platform\u0103 moale, confortabil\u0103, culoare delicat\u0103.<\/p>\n","protected":false},"featured_media":15273,"template":"","meta":[],"product_brand":[],"product_cat":[304,182,187],"product_tag":[211],"class_list":{"0":"post-15286","1":"product","2":"type-product","3":"status-publish","4":"has-post-thumbnail","6":"product_cat-adidasi-din-piele-ecologica-ro","7":"product_cat-femei","8":"product_cat-incaltaminte","9":"product_tag-adidasi","10":"product-column","12":"first","13":"instock","14":"shipping-taxable","15":"purchasable","16":"product-type-variable"},"aioseo_notices":[],"_links":{"self":[{"href":"https:\/\/shock.md\/ro\/wp-json\/wp\/v2\/product\/15286","targetHints":{"allow":["GET"]}}],"collection":[{"href":"https:\/\/shock.md\/ro\/wp-json\/wp\/v2\/product"}],"about":[{"href":"https:\/\/shock.md\/ro\/wp-json\/wp\/v2\/types\/product"}],"wp:featuredmedia":[{"embeddable":true,"href":"https:\/\/shock.md\/ro\/wp-json\/wp\/v2\/media\/15273"}],"wp:attachment":[{"href":"https:\/\/shock.md\/ro\/wp-json\/wp\/v2\/media?parent=15286"}],"wp:term":[{"taxonomy":"product_brand","embeddable":true,"href":"https:\/\/shock.md\/ro\/wp-json\/wp\/v2\/product_brand?post=15286"},{"taxonomy":"product_cat","embeddable":true,"href":"https:\/\/shock.md\/ro\/wp-json\/wp\/v2\/product_cat?post=15286"},{"taxonomy":"product_tag","embeddable":true,"href":"https:\/\/shock.md\/ro\/wp-json\/wp\/v2\/product_tag?post=15286"}],"curies":[{"name":"wp","href":"https:\/\/api.w.org\/{rel}","templated":true}]}}