{"id":15204,"date":"2024-10-29T11:44:13","date_gmt":"2024-10-29T09:44:13","guid":{"rendered":"https:\/\/shock.md\/?post_type=product&#038;p=15204"},"modified":"2024-10-29T11:51:17","modified_gmt":"2024-10-29T09:51:17","slug":"adidasi-din-piele-pentru-femei-de-culoare-bej-culoare","status":"publish","type":"product","link":"https:\/\/shock.md\/ro\/product\/adidasi-din-piele-pentru-femei-de-culoare-bej-culoare\/","title":{"rendered":"Adida\u0219i din piele pentru femei , de culoare bej"},"content":{"rendered":"<p>Adida\u0219ii elegan\u021bi din piele pentru femei de culoare bej sunt ideali pentru purtarea zilnic\u0103. Fabrica\u021bi din piele natural\u0103 de \u00eenalt\u0103 calitate, ace\u0219tia ofer\u0103 confort \u0219i durabilitate. Talpa confortabil\u0103 \u0219i designul concis \u00eei fac o alegere excelent\u0103 pentru un stil de via\u021b\u0103 activ. Ace\u0219ti adida\u0219i merg bine cu orice \u021binut\u0103 \u0219i vor deveni o parte esen\u021bial\u0103 a garderobei tale. Sunt perfec\u021bi pentru plimb\u0103ri prin ora\u0219, munc\u0103 sau c\u0103l\u0103torii.<\/p>\n","protected":false},"excerpt":{"rendered":"<p>Adida\u0219ii elegan\u021bi din piele pentru femei de culoare bej sunt ideali pentru purtarea zilnic\u0103.<\/p>\n","protected":false},"featured_media":15195,"template":"","meta":[],"product_brand":[],"product_cat":[182,300,193],"product_tag":[893,657,659,414,660,1101,1139,1138,1099],"class_list":{"0":"post-15204","1":"product","2":"type-product","3":"status-publish","4":"has-post-thumbnail","6":"product_cat-femei","7":"product_cat-incaltaminte-de-piele-ro","8":"product_cat-incaltaminte-de-piele","9":"product_tag-adidasi-comozi","10":"product_tag-adidasi-de-dama","11":"product_tag-adidasi-de-moda","12":"product_tag-adidasi-din-piele","13":"product_tag-adidasi-negri","14":"product_tag-adidasi-stilati","15":"product_tag-pantofi-casual","16":"product_tag-pantofi-urban","17":"product_tag-piele-naturala","18":"product-column","20":"first","21":"instock","22":"shipping-taxable","23":"purchasable","24":"product-type-variable"},"aioseo_notices":[],"_links":{"self":[{"href":"https:\/\/shock.md\/ro\/wp-json\/wp\/v2\/product\/15204","targetHints":{"allow":["GET"]}}],"collection":[{"href":"https:\/\/shock.md\/ro\/wp-json\/wp\/v2\/product"}],"about":[{"href":"https:\/\/shock.md\/ro\/wp-json\/wp\/v2\/types\/product"}],"wp:featuredmedia":[{"embeddable":true,"href":"https:\/\/shock.md\/ro\/wp-json\/wp\/v2\/media\/15195"}],"wp:attachment":[{"href":"https:\/\/shock.md\/ro\/wp-json\/wp\/v2\/media?parent=15204"}],"wp:term":[{"taxonomy":"product_brand","embeddable":true,"href":"https:\/\/shock.md\/ro\/wp-json\/wp\/v2\/product_brand?post=15204"},{"taxonomy":"product_cat","embeddable":true,"href":"https:\/\/shock.md\/ro\/wp-json\/wp\/v2\/product_cat?post=15204"},{"taxonomy":"product_tag","embeddable":true,"href":"https:\/\/shock.md\/ro\/wp-json\/wp\/v2\/product_tag?post=15204"}],"curies":[{"name":"wp","href":"https:\/\/api.w.org\/{rel}","templated":true}]}}