{"id":15070,"date":"2024-10-25T14:46:27","date_gmt":"2024-10-25T11:46:27","guid":{"rendered":"https:\/\/shock.md\/?post_type=product&#038;p=15070"},"modified":"2025-03-04T08:32:45","modified_gmt":"2025-03-04T06:32:45","slug":"pantofi-sport-covali-din-piele-neagra","status":"publish","type":"product","link":"https:\/\/shock.md\/ro\/product\/pantofi-sport-covali-din-piele-neagra\/","title":{"rendered":"Pantofi sport Covali din piele neagr\u0103"},"content":{"rendered":"<p>Adida\u0219ii elegan\u021bi \u0219i practici de la brandul Covalli, confec\u021biona\u021bi din piele natural\u0103, vor deveni o parte indispensabil\u0103 a garderobei tale. Designul laconic \u00een culoarea neagr\u0103 \u00eei face versatili &#8211; sunt potrivi\u021bi at\u00e2t pentru uzura de zi cu zi, c\u00e2t \u0219i pentru birou. Talpa de calitate \u0219i construc\u021bia inteligent\u0103 garanteaz\u0103 confortul pe tot parcursul zilei. Alege\u021bi pantofi care se potrivesc cu orice look \u0219i ofer\u0103 durabilitate.<\/p>\n<p>Brand: Covali<\/p>\n<p>Material superior: 100% piele natural\u0103<\/p>\n<p>Culoare: Negru<\/p>\n<p>U\u0219or \u0219i confortabil, cu un design clasic cu \u0219ireturi<\/p>\n<p>Ideali pentru uzura zilnic\u0103<\/p>\n","protected":false},"excerpt":{"rendered":"<p>Adida\u0219ii elegan\u021bi \u0219i practici de la brandul Covalli, confec\u021biona\u021bi din piele natural\u0103, vor deveni o parte indispensabil\u0103 a garderobei tale.<\/p>\n","protected":false},"featured_media":15053,"template":"","meta":[],"product_brand":[],"product_cat":[199,203,301,193],"product_tag":[895,1100,1102,893,1106,1104,414,660,1101,1098,214,1107,1103,1105,1099,1108],"class_list":{"0":"post-15070","1":"product","2":"type-product","3":"status-publish","4":"has-post-thumbnail","6":"product_cat-barbati","7":"product_cat-incaltaminte-ro","8":"product_cat-incaltaminte-de-piele-ro-2","9":"product_cat-incaltaminte-de-piele","10":"product_tag-adidasi-barbati","11":"product_tag-adidasi-casual","12":"product_tag-adidasi-clasici","13":"product_tag-adidasi-comozi","14":"product_tag-adidasi-cu-sireturi","15":"product_tag-adidasi-de-calitate","16":"product_tag-adidasi-din-piele","17":"product_tag-adidasi-negri","18":"product_tag-adidasi-stilati","19":"product_tag-covali-2","20":"product_tag-incaltaminte-pentru-barbati","21":"product_tag-pantofi-barbati","22":"product_tag-pantofi-din-piele-naturala","23":"product_tag-pantofi-office","24":"product_tag-piele-naturala","25":"product_tag-piele-neagra","26":"brand-covalli","27":"product-column","29":"first","30":"instock","31":"shipping-taxable","32":"purchasable","33":"product-type-variable"},"aioseo_notices":[],"_links":{"self":[{"href":"https:\/\/shock.md\/ro\/wp-json\/wp\/v2\/product\/15070","targetHints":{"allow":["GET"]}}],"collection":[{"href":"https:\/\/shock.md\/ro\/wp-json\/wp\/v2\/product"}],"about":[{"href":"https:\/\/shock.md\/ro\/wp-json\/wp\/v2\/types\/product"}],"wp:featuredmedia":[{"embeddable":true,"href":"https:\/\/shock.md\/ro\/wp-json\/wp\/v2\/media\/15053"}],"wp:attachment":[{"href":"https:\/\/shock.md\/ro\/wp-json\/wp\/v2\/media?parent=15070"}],"wp:term":[{"taxonomy":"product_brand","embeddable":true,"href":"https:\/\/shock.md\/ro\/wp-json\/wp\/v2\/product_brand?post=15070"},{"taxonomy":"product_cat","embeddable":true,"href":"https:\/\/shock.md\/ro\/wp-json\/wp\/v2\/product_cat?post=15070"},{"taxonomy":"product_tag","embeddable":true,"href":"https:\/\/shock.md\/ro\/wp-json\/wp\/v2\/product_tag?post=15070"}],"curies":[{"name":"wp","href":"https:\/\/api.w.org\/{rel}","templated":true}]}}