{"id":14605,"date":"2024-10-17T14:28:00","date_gmt":"2024-10-17T11:28:00","guid":{"rendered":"https:\/\/shock.md\/?post_type=product&#038;p=14605"},"modified":"2024-10-24T13:46:44","modified_gmt":"2024-10-24T10:46:44","slug":"cizme-de-drumetie-izolate-pentru-barbati-intr-o-culoare-maslinie-eleganta","status":"publish","type":"product","link":"https:\/\/shock.md\/ro\/product\/cizme-de-drumetie-izolate-pentru-barbati-intr-o-culoare-maslinie-eleganta\/","title":{"rendered":"Cizme de drume\u021bie izolate pentru b\u0103rba\u021bi, \u00eentr-o culoare m\u0103slinie elegant\u0103"},"content":{"rendered":"<p>Cizme de drume\u021bie izolate pentru b\u0103rba\u021bi, \u00eentr-o culoare m\u0103slinie elegant\u0103, ideale pentru sezoanele mai reci. Partea superioar\u0103 este fabricat\u0103 din material impermeabil durabil, oferind protec\u021bie \u00eempotriva umezelii \u0219i a intemperiilor. Modelul are o c\u0103ptu\u0219eal\u0103 groas\u0103 pentru a v\u0103 men\u021bine c\u0103ldura \u00een zilele de iarn\u0103. \u0218ireturile \u00eenalte \u0219i \u00eenchiz\u0103toarele metalice asigur\u0103 o fixare fiabil\u0103 a piciorului \u0219i o potrivire confortabil\u0103. Banda de rulare ad\u00e2nc\u0103 de pe talp\u0103 asigur\u0103 o trac\u021biune excelent\u0103 pe orice suprafa\u021b\u0103, fie c\u0103 este vorba de asfalt de ora\u0219 sau de poteci de \u021bar\u0103. Aceste cizme sunt o alegere excelent\u0103 pentru cei care apreciaz\u0103 confortul \u0219i stilul \u00een orice condi\u021bii meteorologice.<\/p>\n","protected":false},"excerpt":{"rendered":"<p>Cizme de drume\u021bie izolate pentru b\u0103rba\u021bi, \u00eentr-o culoare m\u0103slinie elegant\u0103, ideale pentru sezoanele mai reci.<\/p>\n","protected":false},"featured_media":14586,"template":"","meta":[],"product_brand":[],"product_cat":[199,203,884],"product_tag":[],"class_list":{"0":"post-14605","1":"product","2":"type-product","3":"status-publish","4":"has-post-thumbnail","6":"product_cat-barbati","7":"product_cat-incaltaminte-ro","8":"product_cat-uteplenaia-obuv-2-ro","9":"product-column","11":"first","12":"outofstock","13":"shipping-taxable","14":"purchasable","15":"product-type-variable"},"aioseo_notices":[],"_links":{"self":[{"href":"https:\/\/shock.md\/ro\/wp-json\/wp\/v2\/product\/14605","targetHints":{"allow":["GET"]}}],"collection":[{"href":"https:\/\/shock.md\/ro\/wp-json\/wp\/v2\/product"}],"about":[{"href":"https:\/\/shock.md\/ro\/wp-json\/wp\/v2\/types\/product"}],"wp:featuredmedia":[{"embeddable":true,"href":"https:\/\/shock.md\/ro\/wp-json\/wp\/v2\/media\/14586"}],"wp:attachment":[{"href":"https:\/\/shock.md\/ro\/wp-json\/wp\/v2\/media?parent=14605"}],"wp:term":[{"taxonomy":"product_brand","embeddable":true,"href":"https:\/\/shock.md\/ro\/wp-json\/wp\/v2\/product_brand?post=14605"},{"taxonomy":"product_cat","embeddable":true,"href":"https:\/\/shock.md\/ro\/wp-json\/wp\/v2\/product_cat?post=14605"},{"taxonomy":"product_tag","embeddable":true,"href":"https:\/\/shock.md\/ro\/wp-json\/wp\/v2\/product_tag?post=14605"}],"curies":[{"name":"wp","href":"https:\/\/api.w.org\/{rel}","templated":true}]}}