{"id":14583,"date":"2025-10-17T13:42:36","date_gmt":"2025-10-17T10:42:36","guid":{"rendered":"https:\/\/shock.md\/?post_type=product&#038;p=14583"},"modified":"2024-10-22T10:55:26","modified_gmt":"2024-10-22T07:55:26","slug":"adidasi-izolati-pentru-barbati-pentru-iarna-si-toamna","status":"publish","type":"product","link":"https:\/\/shock.md\/ro\/product\/adidasi-izolati-pentru-barbati-pentru-iarna-si-toamna\/","title":{"rendered":"Adida\u0219i izola\u021bi pentru b\u0103rba\u021bi pentru iarn\u0103 \u0219i toamn\u0103"},"content":{"rendered":"<p>Adida\u0219i izola\u021bi pentru sezonul rece. Fabrica\u021bi din materiale de calitate, ace\u0219tia ofer\u0103 c\u0103ldur\u0103, confort \u0219i stil. Ace\u0219ti adida\u0219i de iarn\u0103 combin\u0103 designul sportiv \u0219i confortul, ceea ce \u00eei face alegerea perfect\u0103 pentru un stil de via\u021b\u0103 activ chiar \u0219i pe vreme rece. Ace\u0219ti adida\u0219i de iarn\u0103 izola\u021bi sunt excelen\u021bi pentru plimb\u0103rile prin ora\u0219, activit\u0103\u021bile \u00een aer liber \u0219i purtarea zilnic\u0103. Designul elegant \u0219i modern \u00eei face u\u0219or de combinat cu diferite haine, fie c\u0103 este vorba de un trening, blugi sau pantaloni.<\/p>\n","protected":false},"excerpt":{"rendered":"<p>Adida\u0219i izola\u021bi pentru sezonul rece.<\/p>\n","protected":false},"featured_media":14562,"template":"","meta":[],"product_brand":[],"product_cat":[199,203,884],"product_tag":[889,893,886,894,215,887,416,890,891],"class_list":{"0":"post-14583","1":"product","2":"type-product","3":"status-publish","4":"has-post-thumbnail","6":"product_cat-barbati","7":"product_cat-incaltaminte-ro","8":"product_cat-uteplenaia-obuv-2-ro","9":"product_tag-adidasi-caldi","10":"product_tag-adidasi-comozi","11":"product_tag-adidasi-de-iarna","12":"product_tag-adidasi-de-iarna-stilati","13":"product_tag-adidasi-din-piele-ecologica","14":"product_tag-adidasi-izolati","15":"product_tag-adidasi-pentru-barbati","16":"product_tag-adidasi-sport","17":"product_tag-pantofi-sport-de-iarna","18":"product-column","20":"first","21":"outofstock","22":"shipping-taxable","23":"purchasable","24":"product-type-variable"},"aioseo_notices":[],"_links":{"self":[{"href":"https:\/\/shock.md\/ro\/wp-json\/wp\/v2\/product\/14583","targetHints":{"allow":["GET"]}}],"collection":[{"href":"https:\/\/shock.md\/ro\/wp-json\/wp\/v2\/product"}],"about":[{"href":"https:\/\/shock.md\/ro\/wp-json\/wp\/v2\/types\/product"}],"wp:featuredmedia":[{"embeddable":true,"href":"https:\/\/shock.md\/ro\/wp-json\/wp\/v2\/media\/14562"}],"wp:attachment":[{"href":"https:\/\/shock.md\/ro\/wp-json\/wp\/v2\/media?parent=14583"}],"wp:term":[{"taxonomy":"product_brand","embeddable":true,"href":"https:\/\/shock.md\/ro\/wp-json\/wp\/v2\/product_brand?post=14583"},{"taxonomy":"product_cat","embeddable":true,"href":"https:\/\/shock.md\/ro\/wp-json\/wp\/v2\/product_cat?post=14583"},{"taxonomy":"product_tag","embeddable":true,"href":"https:\/\/shock.md\/ro\/wp-json\/wp\/v2\/product_tag?post=14583"}],"curies":[{"name":"wp","href":"https:\/\/api.w.org\/{rel}","templated":true}]}}