{"id":14271,"date":"2024-10-15T12:07:11","date_gmt":"2024-10-15T09:07:11","guid":{"rendered":"https:\/\/shock.md\/?post_type=product&#038;p=14271"},"modified":"2024-11-30T17:19:58","modified_gmt":"2024-11-30T15:19:58","slug":"cizme-de-iarna-pentru-femei-cu-blana-din-piele-ecologica-cu-talpa-solida","status":"publish","type":"product","link":"https:\/\/shock.md\/ro\/product\/cizme-de-iarna-pentru-femei-cu-blana-din-piele-ecologica-cu-talpa-solida\/","title":{"rendered":"Cizme de iarn\u0103 pentru femeidin piele ecologic\u0103 cu talp\u0103 solid\u0103"},"content":{"rendered":"<p>Cizmele negre din piele ecologic\u0103 pentru femei sunt alegerea perfect\u0103 pentru sezonul de iarn\u0103. Designul elegant cu \u0219ireturi \u00eenalte, talpa solid\u0103 \u0219i bucla convenabil\u0103 pentru a le \u00eenc\u0103l\u021ba u\u0219or ofer\u0103 confort \u0219i fiabilitate \u00een toate condi\u021biile meteorologice. Materialul rezistent din piele ecologic\u0103 asigur\u0103 durabilitate. Ideale pentru purtarea zilnic\u0103, combin\u00e2ndu-se cu o varietate de stiluri, de la moda stradal\u0103 la cea casual.<\/p>\n","protected":false},"excerpt":{"rendered":"<p>Cizmele negre  din piele ecologic\u0103 pentru femei sunt alegerea perfect\u0103 pentru sezonul de iarn\u0103.<\/p>\n","protected":false},"featured_media":14254,"template":"","meta":[],"product_brand":[],"product_cat":[182,187,885],"product_tag":[],"class_list":{"0":"post-14271","1":"product","2":"type-product","3":"status-publish","4":"has-post-thumbnail","6":"product_cat-femei","7":"product_cat-incaltaminte","8":"product_cat-uteplenaia-obuv-3-ro","9":"product-column","11":"first","12":"instock","13":"shipping-taxable","14":"purchasable","15":"product-type-variable"},"aioseo_notices":[],"_links":{"self":[{"href":"https:\/\/shock.md\/ro\/wp-json\/wp\/v2\/product\/14271","targetHints":{"allow":["GET"]}}],"collection":[{"href":"https:\/\/shock.md\/ro\/wp-json\/wp\/v2\/product"}],"about":[{"href":"https:\/\/shock.md\/ro\/wp-json\/wp\/v2\/types\/product"}],"wp:featuredmedia":[{"embeddable":true,"href":"https:\/\/shock.md\/ro\/wp-json\/wp\/v2\/media\/14254"}],"wp:attachment":[{"href":"https:\/\/shock.md\/ro\/wp-json\/wp\/v2\/media?parent=14271"}],"wp:term":[{"taxonomy":"product_brand","embeddable":true,"href":"https:\/\/shock.md\/ro\/wp-json\/wp\/v2\/product_brand?post=14271"},{"taxonomy":"product_cat","embeddable":true,"href":"https:\/\/shock.md\/ro\/wp-json\/wp\/v2\/product_cat?post=14271"},{"taxonomy":"product_tag","embeddable":true,"href":"https:\/\/shock.md\/ro\/wp-json\/wp\/v2\/product_tag?post=14271"}],"curies":[{"name":"wp","href":"https:\/\/api.w.org\/{rel}","templated":true}]}}