{"id":13700,"date":"2024-05-30T15:10:25","date_gmt":"2024-05-30T12:10:25","guid":{"rendered":"https:\/\/shock.md\/?post_type=product&#038;p=13700"},"modified":"2024-09-30T15:32:07","modified_gmt":"2024-09-30T12:32:07","slug":"belye-noski-s-nadpisyu-funny","status":"publish","type":"product","link":"https:\/\/shock.md\/ro\/product\/belye-noski-s-nadpisyu-funny\/","title":{"rendered":"\u0218osete albe cu inscrip\u021bia \u201eFUNNY\u201d"},"content":{"rendered":"<p>\u0218osetele FANNY sunt un accesoriu elegant \u0219i original pentru cei c\u0103rora le place s\u0103 ias\u0103 \u00een eviden\u021b\u0103. Aceste \u0219osete cu accente gri contrastante \u0219i inscrip\u021bia str\u0103lucitoare \u201eFANNY\u201d vor ad\u0103uga o not\u0103 de umor \u0219i individualitate garderobei dvs. Fabricate din material de calitate pentru confort \u0219i durabilitate. Dimensiunea universal\u0103 se potrive\u0219te oric\u0103rui tip de picior, ceea ce face \u0219osetele ideale at\u00e2t pentru utilizarea zilnic\u0103, c\u00e2t \u0219i ca cadou. \u0218osetele albe cu inscrip\u021bia \u201eFANNY\u201d sunt o alegere excelent\u0103 pentru persoanele \u00eendr\u0103zne\u021be \u0219i creative care apreciaz\u0103 originalitatea \u00een detalii.<\/p>\n","protected":false},"excerpt":{"rendered":"<p>\u0218osetele FANNY sunt un accesoriu elegant \u0219i original pentru cei c\u0103rora le place s\u0103 ias\u0103 \u00een eviden\u021b\u0103.<\/p>\n","protected":false},"featured_media":13703,"template":"","meta":[],"product_brand":[],"product_cat":[176,178],"product_tag":[803,417,806,802,801,804,807,805],"class_list":{"0":"post-13700","1":"product","2":"type-product","3":"status-publish","4":"has-post-thumbnail","6":"product_cat-accesorii","7":"product_cat-sosete","8":"product_tag-modnye-noski-2","9":"product_tag-noski","10":"product_tag-noski-s-izobrazheniem-personazha-2","11":"product_tag-noski-s-nadpisyu-2","12":"product_tag-noski-s-printom-2","13":"product_tag-originalnye-noski-2","14":"product_tag-stilnye-noski-2","15":"product_tag-uniseks-noski-2","16":"product-column","18":"first","19":"instock","20":"shipping-taxable","21":"purchasable","22":"product-type-variable"},"aioseo_notices":[],"_links":{"self":[{"href":"https:\/\/shock.md\/ro\/wp-json\/wp\/v2\/product\/13700","targetHints":{"allow":["GET"]}}],"collection":[{"href":"https:\/\/shock.md\/ro\/wp-json\/wp\/v2\/product"}],"about":[{"href":"https:\/\/shock.md\/ro\/wp-json\/wp\/v2\/types\/product"}],"wp:featuredmedia":[{"embeddable":true,"href":"https:\/\/shock.md\/ro\/wp-json\/wp\/v2\/media\/13703"}],"wp:attachment":[{"href":"https:\/\/shock.md\/ro\/wp-json\/wp\/v2\/media?parent=13700"}],"wp:term":[{"taxonomy":"product_brand","embeddable":true,"href":"https:\/\/shock.md\/ro\/wp-json\/wp\/v2\/product_brand?post=13700"},{"taxonomy":"product_cat","embeddable":true,"href":"https:\/\/shock.md\/ro\/wp-json\/wp\/v2\/product_cat?post=13700"},{"taxonomy":"product_tag","embeddable":true,"href":"https:\/\/shock.md\/ro\/wp-json\/wp\/v2\/product_tag?post=13700"}],"curies":[{"name":"wp","href":"https:\/\/api.w.org\/{rel}","templated":true}]}}