{"id":13443,"date":"2024-06-24T15:43:47","date_gmt":"2024-06-24T12:43:47","guid":{"rendered":"https:\/\/shock.md\/?post_type=product&#038;p=13443"},"modified":"2024-10-17T11:23:39","modified_gmt":"2024-10-17T08:23:39","slug":"costum-sport-hanorac-pantaloni-cu-elastic","status":"publish","type":"product","link":"https:\/\/shock.md\/ro\/product\/costum-sport-hanorac-pantaloni-cu-elastic\/","title":{"rendered":"Costum sport Hanorac, pantaloni cu elastic"},"content":{"rendered":"<p>Trening confortabil \u0219i elegant format dintr-un hanorac \u0219i pantaloni. Hanoracul are o croial\u0103 lejer\u0103, cu un buzunar kangaroo spa\u021bios \u0219i o glug\u0103 confortabil\u0103. Pantalonii elastici asigur\u0103 o potrivire perfect\u0103 f\u0103r\u0103 a restric\u021biona mi\u0219c\u0103rile.<\/p>\n<p>Materiale: Bumbac<\/p>\n<p>90% bumbac<br \/>\n10% elastan<\/p>\n<p>\u021aes\u0103tura este din spum\u0103 compact\u0103, care ofer\u0103 durabilitate ridicat\u0103 \u0219i rezisten\u021b\u0103 la uzur\u0103, r\u0103m\u00e2n\u00e2nd \u00een acela\u0219i timp moale \u0219i confortabil de purtat. Perfect at\u00e2t pentru activit\u0103\u021bi \u00een aer liber, c\u00e2t \u0219i pentru uzura zilnic\u0103.<\/p>\n","protected":false},"excerpt":{"rendered":"<p>Trening confortabil \u0219i elegant format dintr-un hanorac \u0219i pantaloni.<\/p>\n","protected":false},"featured_media":13429,"template":"","meta":[],"product_brand":[],"product_cat":[199,201,972,293],"product_tag":[],"class_list":{"0":"post-13443","1":"product","2":"type-product","3":"status-publish","4":"has-post-thumbnail","6":"product_cat-barbati","7":"product_cat-costume-sport-ro","8":"product_cat-cost-sport-shock","9":"product_cat-imbracaminte-ro","10":"product-column","12":"first","13":"instock","14":"shipping-taxable","15":"purchasable","16":"product-type-variable"},"aioseo_notices":[],"_links":{"self":[{"href":"https:\/\/shock.md\/ro\/wp-json\/wp\/v2\/product\/13443","targetHints":{"allow":["GET"]}}],"collection":[{"href":"https:\/\/shock.md\/ro\/wp-json\/wp\/v2\/product"}],"about":[{"href":"https:\/\/shock.md\/ro\/wp-json\/wp\/v2\/types\/product"}],"wp:featuredmedia":[{"embeddable":true,"href":"https:\/\/shock.md\/ro\/wp-json\/wp\/v2\/media\/13429"}],"wp:attachment":[{"href":"https:\/\/shock.md\/ro\/wp-json\/wp\/v2\/media?parent=13443"}],"wp:term":[{"taxonomy":"product_brand","embeddable":true,"href":"https:\/\/shock.md\/ro\/wp-json\/wp\/v2\/product_brand?post=13443"},{"taxonomy":"product_cat","embeddable":true,"href":"https:\/\/shock.md\/ro\/wp-json\/wp\/v2\/product_cat?post=13443"},{"taxonomy":"product_tag","embeddable":true,"href":"https:\/\/shock.md\/ro\/wp-json\/wp\/v2\/product_tag?post=13443"}],"curies":[{"name":"wp","href":"https:\/\/api.w.org\/{rel}","templated":true}]}}