{"id":13045,"date":"2024-07-12T15:10:20","date_gmt":"2024-07-12T12:10:20","guid":{"rendered":"https:\/\/shock.md\/?post_type=product&#038;p=13045"},"modified":"2024-09-12T15:23:45","modified_gmt":"2024-09-12T12:23:45","slug":"adidasi-k888","status":"publish","type":"product","link":"https:\/\/shock.md\/ro\/product\/adidasi-k888\/","title":{"rendered":"Adida\u0219i K888"},"content":{"rendered":"<p><span class=\"--l --r sentence_highlight\">Adida\u0219i minimali\u0219ti \u00een alb cu o inser\u021bie elegant\u0103 neagr\u0103 pe c\u0103lc\u00e2i &#8211; alegerea perfect\u0103 pentru iubitorii de clasic \u0219i confort. <\/span><span class=\"--l --r sentence_highlight\">Partea superioar\u0103 este realizat\u0103 dintr-un material neted sintetic, u\u0219or de cur\u0103\u021bat \u0219i care arat\u0103 elegant \u00een orice situa\u021bie. <\/span><span class=\"--l --r sentence_highlight\">Perfora\u021biile de pe p\u0103r\u021bile laterale adaug\u0103 respirabilitate, asigur\u00e2nd confort chiar \u0219i \u00een vreme cald\u0103. <\/span><span class=\"--l --r sentence_highlight\">Talpa solid\u0103 nu numai c\u0103 adaug\u0103 un accent \u00een tendin\u021be, dar asigur\u0103 \u0219i o amortizare \u0219i o sus\u021binere excelente pe tot parcursul zilei. <\/span><span class=\"--l --r sentence_highlight\">Perfec\u021bi pentru plimb\u0103ri prin ora\u0219, studiu sau munc\u0103.<\/span><\/p>\n","protected":false},"excerpt":{"rendered":"<p><span class=\"--l --r sentence_highlight\">Adida\u0219i minimali\u0219ti \u00een alb cu o inser\u021bie elegant\u0103 neagr\u0103 pe c\u0103lc\u00e2i &#8211; alegerea perfect\u0103 pentru iubitorii de clasic \u0219i confort.<\/span><\/p>\n","protected":false},"featured_media":13044,"template":"","meta":[],"product_brand":[],"product_cat":[312,199,203],"product_tag":[211,215],"class_list":{"0":"post-13045","1":"product","2":"type-product","3":"status-publish","4":"has-post-thumbnail","6":"product_cat-adidasi-din-piele-ecologica-ro-2","7":"product_cat-barbati","8":"product_cat-incaltaminte-ro","9":"product_tag-adidasi","10":"product_tag-adidasi-din-piele-ecologica","11":"product-column","13":"first","14":"instock","15":"shipping-taxable","16":"purchasable","17":"product-type-variable"},"aioseo_notices":[],"_links":{"self":[{"href":"https:\/\/shock.md\/ro\/wp-json\/wp\/v2\/product\/13045","targetHints":{"allow":["GET"]}}],"collection":[{"href":"https:\/\/shock.md\/ro\/wp-json\/wp\/v2\/product"}],"about":[{"href":"https:\/\/shock.md\/ro\/wp-json\/wp\/v2\/types\/product"}],"wp:featuredmedia":[{"embeddable":true,"href":"https:\/\/shock.md\/ro\/wp-json\/wp\/v2\/media\/13044"}],"wp:attachment":[{"href":"https:\/\/shock.md\/ro\/wp-json\/wp\/v2\/media?parent=13045"}],"wp:term":[{"taxonomy":"product_brand","embeddable":true,"href":"https:\/\/shock.md\/ro\/wp-json\/wp\/v2\/product_brand?post=13045"},{"taxonomy":"product_cat","embeddable":true,"href":"https:\/\/shock.md\/ro\/wp-json\/wp\/v2\/product_cat?post=13045"},{"taxonomy":"product_tag","embeddable":true,"href":"https:\/\/shock.md\/ro\/wp-json\/wp\/v2\/product_tag?post=13045"}],"curies":[{"name":"wp","href":"https:\/\/api.w.org\/{rel}","templated":true}]}}