{"id":11316,"date":"2024-05-22T12:15:30","date_gmt":"2024-05-22T09:15:30","guid":{"rendered":"https:\/\/shock.md\/?post_type=product&#038;p=11316"},"modified":"2024-09-09T14:45:35","modified_gmt":"2024-09-09T11:45:35","slug":"adidasi-pentru-femei-6","status":"publish","type":"product","link":"https:\/\/shock.md\/ro\/product\/adidasi-pentru-femei-6\/","title":{"rendered":"Adida\u0219i pentru femei"},"content":{"rendered":"<p><span class=\"--l --r sentence_highlight\">Adida\u0219ii sunt disponibili \u00een trei culori versatile: gri, negru \u0219i bej. <\/span><span class=\"--l --r sentence_highlight\">Cu designul lor modern \u0219i materialul u\u0219or, ace\u0219tia ofer\u0103 confort \u0219i sus\u021binere pe tot parcursul zilei. <\/span><span class=\"--l --r sentence_highlight\">Partea superioar\u0103 este confec\u021bionat\u0103 dintr-o \u021bes\u0103tur\u0103 respirabil\u0103 care v\u0103 men\u021bine picioarele uscate \u0219i proaspete, \u00een timp ce talpa flexibil\u0103, \u00een relief, asigur\u0103 o trac\u021biune excelent\u0103. <\/span><span class=\"--l --r sentence_highlight\">Talpa adida\u0219ilor este realizat\u0103 din spum\u0103 care asigur\u0103 un mers confortabil pe tot parcursul zilei. <\/span><span class=\"--l --r sentence_highlight\">Talpa este confortabil\u0103 \u0219i se muleaz\u0103 pe forma piciorului, ceea ce adaug\u0103 un plus de confort. <\/span><span class=\"--l --r sentence_highlight\">Ace\u0219ti pantofi de sport vor fi un accesoriu excelent pentru orice garderob\u0103 \u0219i sunt potrivi\u021bi pentru plimb\u0103ri, practicarea sportului sau c\u0103l\u0103torii.<\/span><\/p>\n","protected":false},"excerpt":{"rendered":"<p>Adida\u0219ii sunt disponibili \u00een trei culori versatile: gri, negru \u0219i bej.<\/p>\n","protected":false},"featured_media":11304,"template":"","meta":[],"product_brand":[],"product_cat":[302,182,187],"product_tag":[211,492],"class_list":{"0":"post-11316","1":"product","2":"type-product","3":"status-publish","4":"has-post-thumbnail","6":"product_cat-adidasi-din-textil","7":"product_cat-femei","8":"product_cat-incaltaminte","9":"product_tag-adidasi","10":"product_tag-adidasi-pentru-femei","11":"product-column","13":"first","14":"instock","15":"shipping-taxable","16":"purchasable","17":"product-type-variable"},"aioseo_notices":[],"_links":{"self":[{"href":"https:\/\/shock.md\/ro\/wp-json\/wp\/v2\/product\/11316","targetHints":{"allow":["GET"]}}],"collection":[{"href":"https:\/\/shock.md\/ro\/wp-json\/wp\/v2\/product"}],"about":[{"href":"https:\/\/shock.md\/ro\/wp-json\/wp\/v2\/types\/product"}],"wp:featuredmedia":[{"embeddable":true,"href":"https:\/\/shock.md\/ro\/wp-json\/wp\/v2\/media\/11304"}],"wp:attachment":[{"href":"https:\/\/shock.md\/ro\/wp-json\/wp\/v2\/media?parent=11316"}],"wp:term":[{"taxonomy":"product_brand","embeddable":true,"href":"https:\/\/shock.md\/ro\/wp-json\/wp\/v2\/product_brand?post=11316"},{"taxonomy":"product_cat","embeddable":true,"href":"https:\/\/shock.md\/ro\/wp-json\/wp\/v2\/product_cat?post=11316"},{"taxonomy":"product_tag","embeddable":true,"href":"https:\/\/shock.md\/ro\/wp-json\/wp\/v2\/product_tag?post=11316"}],"curies":[{"name":"wp","href":"https:\/\/api.w.org\/{rel}","templated":true}]}}