{"id":10648,"date":"2024-04-15T12:56:28","date_gmt":"2024-04-15T09:56:28","guid":{"rendered":"https:\/\/shock.md\/?post_type=product&#038;p=10648"},"modified":"2024-08-27T13:54:00","modified_gmt":"2024-08-27T10:54:00","slug":"adidasi-din-piele-ecologica-a090","status":"publish","type":"product","link":"https:\/\/shock.md\/ro\/product\/adidasi-din-piele-ecologica-a090\/","title":{"rendered":"Adida\u0219i din piele ecologic\u0103 A090"},"content":{"rendered":"<p>Adida\u0219i stila\u021bi pentru b\u0103rba\u021bi, ideali pentru purtarea de zi cu zi. Sunt disponibile \u00een negru \u0219i sunt disponibile \u0219i \u00een combina\u021bii alb\/negru \u0219i kaki. Aceste op\u021biuni de culoare fac adida\u0219ii versatili pentru orice \u021binut\u0103 \u0219i stil. Talpa exterioar\u0103 u\u0219oar\u0103 ofer\u0103 confort pe tot parcursul zilei, \u00een timp ce bran\u021bul ortez ofer\u0103 suport suplimentar \u0219i amortizare la fiecare pas. Realiza\u021bi din piele ecologic\u0103, ace\u0219ti adida\u0219i nu sunt doar la mod\u0103, ci \u0219i etici, ar\u0103t\u00e2ndu-v\u0103 respectul pentru mediu. O alegere excelent\u0103 pentru persoanele la mod\u0103 \u0219i active care pre\u021buiesc confortul \u0219i stilul \u00eentr-unul.<\/p>\n","protected":false},"excerpt":{"rendered":"<p>Adida\u0219i stila\u021bi pentru b\u0103rba\u021bi, ideali pentru purtarea de zi cu zi. Sunt disponibile \u00een negru \u0219i sunt disponibile \u0219i \u00een combina\u021bii alb\/negru \u0219i kaki.<\/p>\n","protected":false},"featured_media":10615,"template":"","meta":[],"product_brand":[],"product_cat":[312,199,203],"product_tag":[211,416],"class_list":{"0":"post-10648","1":"product","2":"type-product","3":"status-publish","4":"has-post-thumbnail","6":"product_cat-adidasi-din-piele-ecologica-ro-2","7":"product_cat-barbati","8":"product_cat-incaltaminte-ro","9":"product_tag-adidasi","10":"product_tag-adidasi-pentru-barbati","11":"product-column","13":"first","14":"instock","15":"shipping-taxable","16":"purchasable","17":"product-type-variable"},"aioseo_notices":[],"_links":{"self":[{"href":"https:\/\/shock.md\/ro\/wp-json\/wp\/v2\/product\/10648","targetHints":{"allow":["GET"]}}],"collection":[{"href":"https:\/\/shock.md\/ro\/wp-json\/wp\/v2\/product"}],"about":[{"href":"https:\/\/shock.md\/ro\/wp-json\/wp\/v2\/types\/product"}],"wp:featuredmedia":[{"embeddable":true,"href":"https:\/\/shock.md\/ro\/wp-json\/wp\/v2\/media\/10615"}],"wp:attachment":[{"href":"https:\/\/shock.md\/ro\/wp-json\/wp\/v2\/media?parent=10648"}],"wp:term":[{"taxonomy":"product_brand","embeddable":true,"href":"https:\/\/shock.md\/ro\/wp-json\/wp\/v2\/product_brand?post=10648"},{"taxonomy":"product_cat","embeddable":true,"href":"https:\/\/shock.md\/ro\/wp-json\/wp\/v2\/product_cat?post=10648"},{"taxonomy":"product_tag","embeddable":true,"href":"https:\/\/shock.md\/ro\/wp-json\/wp\/v2\/product_tag?post=10648"}],"curies":[{"name":"wp","href":"https:\/\/api.w.org\/{rel}","templated":true}]}}