{"id":10568,"date":"2024-04-15T11:05:51","date_gmt":"2024-04-15T08:05:51","guid":{"rendered":"https:\/\/shock.md\/?post_type=product&#038;p=10568"},"modified":"2025-01-23T13:29:45","modified_gmt":"2025-01-23T11:29:45","slug":"adidasi-din-piele-ecologica-f06-khaki","status":"publish","type":"product","link":"https:\/\/shock.md\/ro\/product\/adidasi-din-piele-ecologica-f06-khaki\/","title":{"rendered":"Adida\u0219i F06 KHAKI"},"content":{"rendered":"<p>Adida\u0219ii moderni khaki cu \u0219ireturi maro deschis \u0219i t\u0103lpi din piele ecologic\u0103 sunt ideali pentru un stil de via\u021b\u0103 activ \u0219i pentru purtarea de zi cu zi. Ace\u0219ti pantofi sport eleganti au materiale de \u00eenalt\u0103 calitate, durabilitate \u0219i o talp\u0103 moale \u0219i elegant\u0103, care ofer\u0103 confort \u0219i trac\u021biune. \u00cen plus, sunt echipate cu un bran\u021b ortopedic moale care ofer\u0103 suport \u0219i confort suplimentar \u00een timpul purt\u0103rii. Sireturile maro deschis nu sunt doar un accent elegant, ci garanteaza si o potrivire sigura pe picior. Ace\u0219ti adida\u0219i sunt alegerea perfect\u0103 pentru cei care pre\u021buiesc stilul, confortul \u0219i respectul ecologic \u00een \u00eenc\u0103l\u021b\u0103mintea care combin\u0103 designul modern \u0219i func\u021bionalitatea.<\/p>\n","protected":false},"excerpt":{"rendered":"<p>Adida\u0219ii moderni khaki cu \u0219ireturi maro deschis \u0219i t\u0103lpi din piele ecologic\u0103 sunt ideali pentru un stil de via\u021b\u0103 activ \u0219i pentru purtarea de zi cu zi.<\/p>\n","protected":false},"featured_media":10566,"template":"","meta":[],"product_brand":[],"product_cat":[304,182,187],"product_tag":[478,422,577],"class_list":{"0":"post-10568","1":"product","2":"type-product","3":"status-publish","4":"has-post-thumbnail","6":"product_cat-adidasi-din-piele-ecologica-ro","7":"product_cat-femei","8":"product_cat-incaltaminte","9":"product_tag-tricou","10":"product_tag-tricou-oversize","11":"product_tag-tricou-oversize-dama","12":"product-column","14":"first","15":"outofstock","16":"shipping-taxable","17":"purchasable","18":"product-type-variable"},"aioseo_notices":[],"_links":{"self":[{"href":"https:\/\/shock.md\/ro\/wp-json\/wp\/v2\/product\/10568","targetHints":{"allow":["GET"]}}],"collection":[{"href":"https:\/\/shock.md\/ro\/wp-json\/wp\/v2\/product"}],"about":[{"href":"https:\/\/shock.md\/ro\/wp-json\/wp\/v2\/types\/product"}],"wp:featuredmedia":[{"embeddable":true,"href":"https:\/\/shock.md\/ro\/wp-json\/wp\/v2\/media\/10566"}],"wp:attachment":[{"href":"https:\/\/shock.md\/ro\/wp-json\/wp\/v2\/media?parent=10568"}],"wp:term":[{"taxonomy":"product_brand","embeddable":true,"href":"https:\/\/shock.md\/ro\/wp-json\/wp\/v2\/product_brand?post=10568"},{"taxonomy":"product_cat","embeddable":true,"href":"https:\/\/shock.md\/ro\/wp-json\/wp\/v2\/product_cat?post=10568"},{"taxonomy":"product_tag","embeddable":true,"href":"https:\/\/shock.md\/ro\/wp-json\/wp\/v2\/product_tag?post=10568"}],"curies":[{"name":"wp","href":"https:\/\/api.w.org\/{rel}","templated":true}]}}